{"id":2,"date":"2025-09-01T13:12:41","date_gmt":"2025-09-01T13:12:41","guid":{"rendered":"http:\/\/www.giraud.louisst.o2switch.site\/blog\/?page_id=2"},"modified":"2025-11-05T11:06:04","modified_gmt":"2025-11-05T10:06:04","slug":"sample-page","status":"publish","type":"page","link":"https:\/\/www.giraud.louisst.o2switch.site\/blog\/","title":{"rendered":"Accueil"},"content":{"rendered":"\n<blockquote class=\"wp-block-quote is-layout-flow wp-block-quote-is-layout-flow\">\n<p>Hi guys !\ud83c\udf1f<\/p>\n\n\n\n<p>Ici je partage un petit  bout de ma vie :mes \u00e9tudes ,mes projets et mes passions. Moi c&rsquo;est Anaelle , j&rsquo;ai 21 ans et je vis  \u00e0 Lyon depuis bient\u00f4t 2 ans .Pourquoi j&rsquo;ai choisis Lyon? C&rsquo;est tr\u00e8s simple mes \u00e9tudes car Lyon propose un large choix de formation son ambiance vivante ,ses bons restaurants et pour ses rues pleine de charme  .Apr\u00e8s avoir eu mon bac j&rsquo;ai choisi de poursuivre mes \u00e9tudes \u00e0 l&rsquo;Universit\u00e9 Lyon 3 o\u00f9 j&rsquo;ai effectu\u00e9 2 ans en Licence \u00c9trang\u00e8res appliqu\u00e9es (LEA).Gr\u00e2ce \u00e0 cette licence j&rsquo;ai am\u00e9lior\u00e9 mon anglais et mon espagnol mais j&rsquo;ai aussi d\u00e9couvert de nouvelles mati\u00e8res comme l&rsquo;\u00e9conomie ,le droit et le commerce international .Malheureusement je n&rsquo;ai pas eu mon ann\u00e9es apr\u00e8s 2 ans mais j&rsquo;en garde que du positif j&rsquo;ai pu apprendre de nouvelle choses ,rencontrer de nouvelle personnes fran\u00e7aise ou \u00e9trang\u00e8res et des professeurs qui m&rsquo;ont permis de d\u00e9couvrir de nouvelle choses .En janvier je suis inscrit sur Parcoursup , quelque mois plus tard j&rsquo;ai fait mes voeux et en juin j&rsquo;ai eu les r\u00e9sultats et j&rsquo;ai \u00e9t\u00e9 prise dans plusieurs formations mais j&rsquo;ai choisis le BTS NDRC(n\u00e9gociation digitalisation et relation client ).J&rsquo;ai choisi cette formation pour me permettre de  d\u00e9velopper des comp\u00e9tences commerciales ,relationnelles et num\u00e9riques .Je suis quelqu&rsquo;un de souriante motiv\u00e9e et \u00e0 l&rsquo;\u00e9coute .J&rsquo;aime apprendre de nouvelle choses et me fixer de nouveaux objectifs .Sur ce blogs je vais vous parler de  ma formation le  BTS NDRC en vous expliquant ce que nous fesons ,nos mati\u00e8res et les d\u00e9bouch\u00e9s qu&rsquo;il peu y avoir  , mon projet professionnels et  mes passions (le tennis et le piano )Si tu t&rsquo;int\u00e9resses au BTS NDRC  ou que t&rsquo;aime bien le tennis ou le piano tu es au bon endroit !\u2728<\/p>\n<\/blockquote>\n\n\n\n<p>si vous souhaiter en savoir plus sur le BTS NDRC je vous laisse cliquer en dessous \ud83d\udc47<\/p>\n\n\n\n<figure class=\"wp-block-embed is-type-wp-embed is-provider-my-little-star wp-block-embed-my-little-star\"><div class=\"wp-block-embed__wrapper\">\n<blockquote class=\"wp-embedded-content\" data-secret=\"VENTOunG8d\"><a href=\"https:\/\/www.giraud.louisst.o2switch.site\/blog\/bts-ndrc\/\">BTS NDRC\ud83c\udf93<\/a><\/blockquote><iframe loading=\"lazy\" class=\"wp-embedded-content\" sandbox=\"allow-scripts\" security=\"restricted\" style=\"position: absolute; visibility: hidden;\" title=\"\u00ab\u00a0BTS NDRC\ud83c\udf93\u00a0\u00bb &#8212; My little star\" src=\"https:\/\/www.giraud.louisst.o2switch.site\/blog\/bts-ndrc\/embed\/#?secret=KrBOCOqV3F#?secret=VENTOunG8d\" data-secret=\"VENTOunG8d\" width=\"500\" height=\"282\" frameborder=\"0\" marginwidth=\"0\" marginheight=\"0\" scrolling=\"no\"><\/iframe>\n<\/div><\/figure>\n\n\n\n<figure class=\"wp-block-gallery has-nested-images columns-default is-cropped wp-block-gallery-1 is-layout-flex wp-block-gallery-is-layout-flex\">\n<figure class=\"wp-block-image size-large\"><img loading=\"lazy\" decoding=\"async\" width=\"1024\" height=\"683\" data-id=\"192\" src=\"https:\/\/www.giraud.louisst.o2switch.site\/blog\/wp-content\/uploads\/2025\/11\/portrait-de-jeunes-gens-avec-des-ordinateurs-portables-et-des-smartphones-assis-ensemble-sur-le-sol-les-etudiants-ecrivant-des-conferences-tenant-des-manuels-sur-leurs-genoux-2-1024x683.jpg\" alt=\"\" class=\"wp-image-192\" srcset=\"https:\/\/www.giraud.louisst.o2switch.site\/blog\/wp-content\/uploads\/2025\/11\/portrait-de-jeunes-gens-avec-des-ordinateurs-portables-et-des-smartphones-assis-ensemble-sur-le-sol-les-etudiants-ecrivant-des-conferences-tenant-des-manuels-sur-leurs-genoux-2-1024x683.jpg 1024w, https:\/\/www.giraud.louisst.o2switch.site\/blog\/wp-content\/uploads\/2025\/11\/portrait-de-jeunes-gens-avec-des-ordinateurs-portables-et-des-smartphones-assis-ensemble-sur-le-sol-les-etudiants-ecrivant-des-conferences-tenant-des-manuels-sur-leurs-genoux-2-300x200.jpg 300w, https:\/\/www.giraud.louisst.o2switch.site\/blog\/wp-content\/uploads\/2025\/11\/portrait-de-jeunes-gens-avec-des-ordinateurs-portables-et-des-smartphones-assis-ensemble-sur-le-sol-les-etudiants-ecrivant-des-conferences-tenant-des-manuels-sur-leurs-genoux-2-768x512.jpg 768w, https:\/\/www.giraud.louisst.o2switch.site\/blog\/wp-content\/uploads\/2025\/11\/portrait-de-jeunes-gens-avec-des-ordinateurs-portables-et-des-smartphones-assis-ensemble-sur-le-sol-les-etudiants-ecrivant-des-conferences-tenant-des-manuels-sur-leurs-genoux-2-1536x1024.jpg 1536w, https:\/\/www.giraud.louisst.o2switch.site\/blog\/wp-content\/uploads\/2025\/11\/portrait-de-jeunes-gens-avec-des-ordinateurs-portables-et-des-smartphones-assis-ensemble-sur-le-sol-les-etudiants-ecrivant-des-conferences-tenant-des-manuels-sur-leurs-genoux-2-2048x1365.jpg 2048w\" sizes=\"auto, (max-width: 1024px) 100vw, 1024px\" \/><\/figure>\n\n\n\n<figure class=\"wp-block-image size-large\"><img loading=\"lazy\" decoding=\"async\" width=\"1024\" height=\"683\" data-id=\"190\" src=\"https:\/\/www.giraud.louisst.o2switch.site\/blog\/wp-content\/uploads\/2025\/11\/joueuse-de-tennis-sur-le-court-de-tennis-2-2-1024x683.jpg\" alt=\"\" class=\"wp-image-190\" srcset=\"https:\/\/www.giraud.louisst.o2switch.site\/blog\/wp-content\/uploads\/2025\/11\/joueuse-de-tennis-sur-le-court-de-tennis-2-2-1024x683.jpg 1024w, https:\/\/www.giraud.louisst.o2switch.site\/blog\/wp-content\/uploads\/2025\/11\/joueuse-de-tennis-sur-le-court-de-tennis-2-2-300x200.jpg 300w, https:\/\/www.giraud.louisst.o2switch.site\/blog\/wp-content\/uploads\/2025\/11\/joueuse-de-tennis-sur-le-court-de-tennis-2-2-768x512.jpg 768w, https:\/\/www.giraud.louisst.o2switch.site\/blog\/wp-content\/uploads\/2025\/11\/joueuse-de-tennis-sur-le-court-de-tennis-2-2-1536x1024.jpg 1536w, https:\/\/www.giraud.louisst.o2switch.site\/blog\/wp-content\/uploads\/2025\/11\/joueuse-de-tennis-sur-le-court-de-tennis-2-2-2048x1365.jpg 2048w\" sizes=\"auto, (max-width: 1024px) 100vw, 1024px\" \/><\/figure>\n\n\n\n<figure class=\"wp-block-image size-large\"><img loading=\"lazy\" decoding=\"async\" width=\"1024\" height=\"585\" data-id=\"189\" src=\"https:\/\/www.giraud.louisst.o2switch.site\/blog\/wp-content\/uploads\/2025\/11\/vecteezy_bokeh-lights-and-blurry-colors-on-close-up-piano-keys_24068217-1-1024x585.jpg\" alt=\"\" class=\"wp-image-189\" srcset=\"https:\/\/www.giraud.louisst.o2switch.site\/blog\/wp-content\/uploads\/2025\/11\/vecteezy_bokeh-lights-and-blurry-colors-on-close-up-piano-keys_24068217-1-1024x585.jpg 1024w, https:\/\/www.giraud.louisst.o2switch.site\/blog\/wp-content\/uploads\/2025\/11\/vecteezy_bokeh-lights-and-blurry-colors-on-close-up-piano-keys_24068217-1-300x171.jpg 300w, https:\/\/www.giraud.louisst.o2switch.site\/blog\/wp-content\/uploads\/2025\/11\/vecteezy_bokeh-lights-and-blurry-colors-on-close-up-piano-keys_24068217-1-768x439.jpg 768w, https:\/\/www.giraud.louisst.o2switch.site\/blog\/wp-content\/uploads\/2025\/11\/vecteezy_bokeh-lights-and-blurry-colors-on-close-up-piano-keys_24068217-1-1536x878.jpg 1536w, https:\/\/www.giraud.louisst.o2switch.site\/blog\/wp-content\/uploads\/2025\/11\/vecteezy_bokeh-lights-and-blurry-colors-on-close-up-piano-keys_24068217-1-2048x1170.jpg 2048w\" sizes=\"auto, (max-width: 1024px) 100vw, 1024px\" \/><\/figure>\n<\/figure>\n\n\n\n<blockquote class=\"wp-block-quote is-layout-flow wp-block-quote-is-layout-flow\">\n<div class=\"wp-block-uagb-container uagb-block-673bc155 alignfull uagb-is-root-container\"><div class=\"uagb-container-inner-blocks-wrap\">\n<div class=\"wp-block-uagb-container uagb-block-d94e2f6e\">\n<p class=\"has-large-font-size\"><strong>Formulaire <\/strong><\/p>\n<\/div>\n\n\n\n<div class=\"wp-block-uagb-forms uagb-forms__outer-wrap uagb-block-6ce135ae uagb-forms__medium-btn\"><form class=\"uagb-forms-main-form\" method=\"post\" autocomplete=\"on\" name=\"uagb-form-6ce135ae\">\n<div class=\"wp-block-uagb-forms-name uagb-forms-name-wrap uagb-forms-field-set uagb-block-4dbc19b7\"><div class=\"uagb-forms-name-label required uagb-forms-input-label\" id=\"4dbc19b7\">Nom<\/div><input type=\"text\" placeholder=\"John\" required class=\"uagb-forms-name-input uagb-forms-input\" name=\"4dbc19b7\" autocomplete=\"given-name\"\/><\/div>\n\n\n\n<div class=\"wp-block-uagb-forms-name uagb-forms-name-wrap uagb-forms-field-set uagb-block-7a83207f\"><div class=\"uagb-forms-name-label required uagb-forms-input-label\" id=\"7a83207f\">Pr\u00e9nom<\/div><input type=\"text\" placeholder=\"Doe\" required class=\"uagb-forms-name-input uagb-forms-input\" name=\"7a83207f\" autocomplete=\"family-name\"\/><\/div>\n\n\n\n<div class=\"wp-block-uagb-forms-email uagb-forms-email-wrap uagb-forms-field-set uagb-block-d4f76cd6\"><div class=\"uagb-forms-email-label  uagb-forms-input-label\" id=\"d4f76cd6\">Email<\/div><input type=\"email\" class=\"uagb-forms-email-input uagb-forms-input\" placeholder=\"example@mail.com\" name=\"d4f76cd6\" autocomplete=\"email\"\/><\/div>\n\n\n\n<div class=\"wp-block-uagb-forms-textarea uagb-forms-textarea-wrap uagb-forms-field-set uagb-block-0b9c3e08\"><div class=\"uagb-forms-textarea-label required uagb-forms-input-label\" id=\"0b9c3e08\">Commentaires <\/div><textarea required class=\"uagb-forms-textarea-input uagb-forms-input\" rows=\"4\" placeholder=\"Enter your message\" name=\"0b9c3e08\" autocomplete=\"off\"><\/textarea><\/div>\n<div class=\"uagb-forms-form-hidden-data\"><input type=\"hidden\" class=\"uagb_forms_form_label\" value=\"Spectra Form\"\/><input type=\"hidden\" class=\"uagb_forms_form_id\" value=\"uagb-form-6ce135ae\"\/><\/div><div class=\"uagb-form-reacaptcha-error-6ce135ae\"><\/div><div class=\"uagb-forms-main-submit-button-wrap wp-block-button\"><button class=\"uagb-forms-main-submit-button wp-block-button__link\"><div class=\"uagb-forms-main-submit-button-text\">Envoy\u00e9 <\/div><\/button><\/div><\/form><div class=\"uagb-forms-success-message-6ce135ae uagb-forms-submit-message-hide\"><span>The form has been submitted successfully!<\/span><\/div><div class=\"uagb-forms-failed-message-6ce135ae uagb-forms-submit-message-hide\"><span>There has been some error while submitting the form. Please verify all form fields again.<\/span><\/div><\/div>\n<\/div><\/div>\n<\/blockquote>\n\n\n\n<p>Si vous voulez laisser un petit commentaire pour voir ce que vous pensez de mon site en haut\ud83d\udc46\u00e7a me ferait plaisir \u263a\ufe0f<\/p>\n\n\n\n<p><\/p>\n","protected":false},"excerpt":{"rendered":"<p>Hi guys !\ud83c\udf1f Ici je partage un petit bout de ma vie :mes \u00e9tudes ,mes projets et mes passions. Moi [&hellip;]<\/p>\n","protected":false},"author":1,"featured_media":0,"parent":0,"menu_order":0,"comment_status":"closed","ping_status":"open","template":"","meta":{"_uag_custom_page_level_css":"","site-sidebar-layout":"default","site-content-layout":"","ast-site-content-layout":"default","site-content-style":"default","site-sidebar-style":"default","ast-global-header-display":"","ast-banner-title-visibility":"","ast-main-header-display":"","ast-hfb-above-header-display":"","ast-hfb-below-header-display":"","ast-hfb-mobile-header-display":"","site-post-title":"","ast-breadcrumbs-content":"","ast-featured-img":"","footer-sml-layout":"","theme-transparent-header-meta":"","adv-header-id-meta":"","stick-header-meta":"","header-above-stick-meta":"","header-main-stick-meta":"","header-below-stick-meta":"","astra-migrate-meta-layouts":"default","ast-page-background-enabled":"default","ast-page-background-meta":{"desktop":{"background-color":"var(--ast-global-color-5)","background-image":"","background-repeat":"repeat","background-position":"center center","background-size":"auto","background-attachment":"scroll","background-type":"","background-media":"","overlay-type":"","overlay-color":"","overlay-opacity":"","overlay-gradient":""},"tablet":{"background-color":"","background-image":"","background-repeat":"repeat","background-position":"center center","background-size":"auto","background-attachment":"scroll","background-type":"","background-media":"","overlay-type":"","overlay-color":"","overlay-opacity":"","overlay-gradient":""},"mobile":{"background-color":"","background-image":"","background-repeat":"repeat","background-position":"center center","background-size":"auto","background-attachment":"scroll","background-type":"","background-media":"","overlay-type":"","overlay-color":"","overlay-opacity":"","overlay-gradient":""}},"ast-content-background-meta":{"desktop":{"background-color":"var(--ast-global-color-4)","background-image":"","background-repeat":"repeat","background-position":"center center","background-size":"auto","background-attachment":"scroll","background-type":"","background-media":"","overlay-type":"","overlay-color":"","overlay-opacity":"","overlay-gradient":""},"tablet":{"background-color":"var(--ast-global-color-4)","background-image":"","background-repeat":"repeat","background-position":"center center","background-size":"auto","background-attachment":"scroll","background-type":"","background-media":"","overlay-type":"","overlay-color":"","overlay-opacity":"","overlay-gradient":""},"mobile":{"background-color":"var(--ast-global-color-4)","background-image":"","background-repeat":"repeat","background-position":"center center","background-size":"auto","background-attachment":"scroll","background-type":"","background-media":"","overlay-type":"","overlay-color":"","overlay-opacity":"","overlay-gradient":""}},"footnotes":""},"class_list":["post-2","page","type-page","status-publish","hentry"],"uagb_featured_image_src":{"full":false,"thumbnail":false,"medium":false,"medium_large":false,"large":false,"1536x1536":false,"2048x2048":false},"uagb_author_info":{"display_name":"admin","author_link":"https:\/\/www.giraud.louisst.o2switch.site\/blog\/author\/admin\/"},"uagb_comment_info":0,"uagb_excerpt":"Hi guys !\ud83c\udf1f Ici je partage un petit bout de ma vie :mes \u00e9tudes ,mes projets et mes passions. Moi [&hellip;]","_links":{"self":[{"href":"https:\/\/www.giraud.louisst.o2switch.site\/blog\/wp-json\/wp\/v2\/pages\/2","targetHints":{"allow":["GET"]}}],"collection":[{"href":"https:\/\/www.giraud.louisst.o2switch.site\/blog\/wp-json\/wp\/v2\/pages"}],"about":[{"href":"https:\/\/www.giraud.louisst.o2switch.site\/blog\/wp-json\/wp\/v2\/types\/page"}],"author":[{"embeddable":true,"href":"https:\/\/www.giraud.louisst.o2switch.site\/blog\/wp-json\/wp\/v2\/users\/1"}],"replies":[{"embeddable":true,"href":"https:\/\/www.giraud.louisst.o2switch.site\/blog\/wp-json\/wp\/v2\/comments?post=2"}],"version-history":[{"count":9,"href":"https:\/\/www.giraud.louisst.o2switch.site\/blog\/wp-json\/wp\/v2\/pages\/2\/revisions"}],"predecessor-version":[{"id":236,"href":"https:\/\/www.giraud.louisst.o2switch.site\/blog\/wp-json\/wp\/v2\/pages\/2\/revisions\/236"}],"wp:attachment":[{"href":"https:\/\/www.giraud.louisst.o2switch.site\/blog\/wp-json\/wp\/v2\/media?parent=2"}],"curies":[{"name":"wp","href":"https:\/\/api.w.org\/{rel}","templated":true}]}}