{"id":33,"date":"2025-09-15T09:43:41","date_gmt":"2025-09-15T09:43:41","guid":{"rendered":"https:\/\/www.giraud.louisst.o2switch.site\/blog\/?page_id=33"},"modified":"2025-11-03T10:41:52","modified_gmt":"2025-11-03T09:41:52","slug":"bts-ndrc","status":"publish","type":"page","link":"https:\/\/www.giraud.louisst.o2switch.site\/blog\/bts-ndrc\/","title":{"rendered":"BTS NDRC\ud83c\udf93"},"content":{"rendered":"\n<p><strong>J&rsquo;effectue mon BTS NDRC lyc\u00e9e saint Bruno saint Louis au campus Sup ALTA dans le 1\u00e8re arrondissements de Lyon(que vous pouvez voir ci-dessous) .SupAlta est un campus qui accueille des \u00e9tudiants pour des formations allant jusqu\u2019au bac + 5 dans de nombreuses disciplines :comptabilit\u00e9 ,gestion,communication digital ,science politique ,informatique , commerce \u2026.Ce sont 3 \u00e9tablissements qui proposent des formations universitaires et de grande qualit\u00e9<\/strong>.<\/p>\n\n\n\t\t\t<div \n\t\t\tclass=\"wp-block-uagb-google-map uagb-google-map__wrap uagb-block-6c8dc7bc     \"\n\t\t\tstyle=\"\" >\n\t\t\t\t<embed\n\t\t\t\t\tclass=\"uagb-google-map__iframe\"\n\t\t\t\t\ttitle=\"Carte Google pour \"\n\t\t\t\t\tsrc=\"https:\/\/maps.google.com\/maps?q=38%20rue%20Pierre%20Dupont%2069001%20Lyon&#038;z=14&#038;hl=fr&#038;t=m&#038;output=embed&#038;iwloc=near\"\n\t\t\t\t\twidth=\"640\"\n\t\t\t\t\theight=\"300\"\n\t\t\t\t\tloading=\"lazy\"\n\t\t\t\t><\/embed>\n\t\t\t<\/div>\n\t\t\t\n\n\n<p><\/p>\n\n\n\n<p><\/p>\n\n\n\n<p><strong>Apr\u00e8s mes deux ann\u00e9es \u00e0 l\u2019universit\u00e9 Jean Moulin Lyon 3 en langues \u00e9trang\u00e8res (LEA).J\u2019ai d\u00e9cid\u00e9 de me r\u00e9orient\u00e9 en BTS NDRC.Vous vous demander mais qu\u2019est-ce que c\u2019est le BTS NDRC.Le BTS N\u00e9gociation Digitalisation et Relation Client dit BTS NDRC est une formation sous 2 ans qui nous forme \u00e0 des m\u00e9tiers li\u00e9 dans le commerce ,\u00e0 la vente et \u00e0 la gestion des clients .Ils nous permettra d\u2019acqu\u00e9rir des comp\u00e9tences relationnelles commercial et des outils num\u00e9riques. Ce BTS NDRC peut se faire soit en initial soit en alternance donc 2 jours \u00e0 l\u2019\u00e9cole et 3 jours dans une entreprise c\u2019est \u00e0 vous de d\u00e9cider laquelle vous pr\u00e9f\u00e9rez pour ma part j\u2019ai choisis l\u2019initial .L\u2019objectif de ce BTS est de nous former&nbsp;&nbsp;\u00e0g\u00e9rer et d\u00e9velopper une relation client dans tout les dimensions :face \u00e0 face ,\u00e0 distance ou par les biais digitaux .Nous allons apprendre aussi \u00e0 prospecter ,n\u00e9gocier ,fid\u00e9liser et construire une relation client durable .Le programme de la formation comprend plusieurs enseignements : la culture&nbsp;&nbsp;\u00e9conomique juridique et manegement (CEJM),relation client distance digitalisation,atelier professionnalisation,animation r\u00e9seaux et n\u00e9gociation vente .Cette formation \u00e0 une dimension concr\u00e8te gr\u00e2ce au stage ou \u00e0 l\u2019alternance qui nous permis de mettre en pratique nos comp\u00e9tences dans le Bts .A la fin du BTS vous avez plusieurs d\u00e9bouch\u00e9s mais je ne vous en dit pas plus je vous laisse parcourir le blog pour pour pouvoir le d\u00e9couvrir.<\/strong><\/p>\n\n\n\n<figure class=\"wp-block-table\"><table class=\"has-fixed-layout\"><tbody><tr><td>Mati\u00e8res<\/td><td>Horaire 1 \u00e8re ann\u00e9es<\/td><td>Horaires 2 \u00e8me ann\u00e9es <\/td><\/tr><tr><td>Culture g\u00e9n\u00e9ral et expression<\/td><td>60h<\/td><td>60h<\/td><\/tr><tr><td>Langue \u00e9trang\u00e8re<\/td><td>90h <\/td><td>90h<\/td><\/tr><tr><td>Relation client distance digitalisation<\/td><td>150h<\/td><td>150h<\/td><\/tr><tr><td>Animation r\u00e9seaux <\/td><td>120h<\/td><td>120h<\/td><\/tr><tr><td>N\u00e9gociation vente<\/td><td>180h<\/td><td>180h<\/td><\/tr><tr><td>Atelier professionnalisation <\/td><td>120h<\/td><td>120h<\/td><\/tr><tr><td>CEJM<\/td><td>120h<\/td><td>120h<\/td><\/tr><tr><td>Stage <\/td><td>10 semaine<\/td><td>6 semaine<\/td><\/tr><tr><td>Total <\/td><td>870h<\/td><td>870h<\/td><\/tr><\/tbody><\/table><\/figure>\n\n\n\n<p><\/p>\n\n\n\n<div class=\"wp-block-group is-layout-constrained wp-block-group-is-layout-constrained\">\n<div class=\"wp-block-uagb-countdown uagb-block-ce76d14e\"><div class=\"wp-block-uagb-countdown__box wp-block-uagb-countdown__box-days\"><div role=\"timer\" aria-live=\"off\" class=\"wp-block-uagb-countdown__time wp-block-uagb-countdown__time-days\">&#8211;<\/div><div class=\"wp-block-uagb-countdown__label\">DAYS<\/div><\/div><div class=\"wp-block-uagb-countdown__box wp-block-uagb-countdown__box-hours\"><div role=\"timer\" aria-live=\"off\" class=\"wp-block-uagb-countdown__time wp-block-uagb-countdown__time-hours\">&#8211;<\/div><div class=\"wp-block-uagb-countdown__label\">HOURS<\/div><\/div><div class=\"wp-block-uagb-countdown__box wp-block-uagb-countdown__box-minutes\"><div role=\"timer\" aria-live=\"off\" class=\"wp-block-uagb-countdown__time wp-block-uagb-countdown__time-minutes\">&#8211;<\/div><div class=\"wp-block-uagb-countdown__label\">MINUTES<\/div><\/div><div class=\"wp-block-uagb-countdown__box wp-block-uagb-countdown__box-seconds\"><div role=\"timer\" aria-live=\"off\" class=\"wp-block-uagb-countdown__time wp-block-uagb-countdown__time-seconds\">&#8211;<\/div><div class=\"wp-block-uagb-countdown__label\">SECONDS<\/div><\/div><\/div>\n<\/div>\n\n\n\n<p><\/p>\n","protected":false},"excerpt":{"rendered":"<p>J&rsquo;effectue mon BTS NDRC lyc\u00e9e saint Bruno saint Louis au campus Sup ALTA dans le 1\u00e8re arrondissements de Lyon(que vous [&hellip;]<\/p>\n","protected":false},"author":1,"featured_media":0,"parent":0,"menu_order":0,"comment_status":"closed","ping_status":"closed","template":"","meta":{"_uag_custom_page_level_css":"","site-sidebar-layout":"no-sidebar","site-content-layout":"plain-container","ast-site-content-layout":"default","site-content-style":"default","site-sidebar-style":"default","ast-global-header-display":"","ast-banner-title-visibility":"","ast-main-header-display":"","ast-hfb-above-header-display":"","ast-hfb-below-header-display":"","ast-hfb-mobile-header-display":"","site-post-title":"","ast-breadcrumbs-content":"","ast-featured-img":"","footer-sml-layout":"","theme-transparent-header-meta":"disabled","adv-header-id-meta":"","stick-header-meta":"","header-above-stick-meta":"","header-main-stick-meta":"","header-below-stick-meta":"","astra-migrate-meta-layouts":"default","ast-page-background-enabled":"default","ast-page-background-meta":{"desktop":{"background-color":"var(--ast-global-color-5)","background-image":"","background-repeat":"repeat","background-position":"center center","background-size":"auto","background-attachment":"scroll","background-type":"","background-media":"","overlay-type":"","overlay-color":"","overlay-opacity":"","overlay-gradient":""},"tablet":{"background-color":"","background-image":"","background-repeat":"repeat","background-position":"center center","background-size":"auto","background-attachment":"scroll","background-type":"","background-media":"","overlay-type":"","overlay-color":"","overlay-opacity":"","overlay-gradient":""},"mobile":{"background-color":"","background-image":"","background-repeat":"repeat","background-position":"center center","background-size":"auto","background-attachment":"scroll","background-type":"","background-media":"","overlay-type":"","overlay-color":"","overlay-opacity":"","overlay-gradient":""}},"ast-content-background-meta":{"desktop":{"background-color":"var(--ast-global-color-4)","background-image":"","background-repeat":"repeat","background-position":"center center","background-size":"auto","background-attachment":"scroll","background-type":"","background-media":"","overlay-type":"","overlay-color":"","overlay-opacity":"","overlay-gradient":""},"tablet":{"background-color":"var(--ast-global-color-4)","background-image":"","background-repeat":"repeat","background-position":"center center","background-size":"auto","background-attachment":"scroll","background-type":"","background-media":"","overlay-type":"","overlay-color":"","overlay-opacity":"","overlay-gradient":""},"mobile":{"background-color":"var(--ast-global-color-4)","background-image":"","background-repeat":"repeat","background-position":"center center","background-size":"auto","background-attachment":"scroll","background-type":"","background-media":"","overlay-type":"","overlay-color":"","overlay-opacity":"","overlay-gradient":""}},"footnotes":""},"class_list":["post-33","page","type-page","status-publish","hentry"],"uagb_featured_image_src":{"full":false,"thumbnail":false,"medium":false,"medium_large":false,"large":false,"1536x1536":false,"2048x2048":false},"uagb_author_info":{"display_name":"admin","author_link":"https:\/\/www.giraud.louisst.o2switch.site\/blog\/author\/admin\/"},"uagb_comment_info":0,"uagb_excerpt":"J&rsquo;effectue mon BTS NDRC lyc\u00e9e saint Bruno saint Louis au campus Sup ALTA dans le 1\u00e8re arrondissements de Lyon(que vous [&hellip;]","_links":{"self":[{"href":"https:\/\/www.giraud.louisst.o2switch.site\/blog\/wp-json\/wp\/v2\/pages\/33","targetHints":{"allow":["GET"]}}],"collection":[{"href":"https:\/\/www.giraud.louisst.o2switch.site\/blog\/wp-json\/wp\/v2\/pages"}],"about":[{"href":"https:\/\/www.giraud.louisst.o2switch.site\/blog\/wp-json\/wp\/v2\/types\/page"}],"author":[{"embeddable":true,"href":"https:\/\/www.giraud.louisst.o2switch.site\/blog\/wp-json\/wp\/v2\/users\/1"}],"replies":[{"embeddable":true,"href":"https:\/\/www.giraud.louisst.o2switch.site\/blog\/wp-json\/wp\/v2\/comments?post=33"}],"version-history":[{"count":10,"href":"https:\/\/www.giraud.louisst.o2switch.site\/blog\/wp-json\/wp\/v2\/pages\/33\/revisions"}],"predecessor-version":[{"id":201,"href":"https:\/\/www.giraud.louisst.o2switch.site\/blog\/wp-json\/wp\/v2\/pages\/33\/revisions\/201"}],"wp:attachment":[{"href":"https:\/\/www.giraud.louisst.o2switch.site\/blog\/wp-json\/wp\/v2\/media?parent=33"}],"curies":[{"name":"wp","href":"https:\/\/api.w.org\/{rel}","templated":true}]}}