{"id":36,"date":"2025-09-15T09:43:41","date_gmt":"2025-09-15T09:43:41","guid":{"rendered":"https:\/\/www.giraud.louisst.o2switch.site\/blog\/?page_id=36"},"modified":"2025-11-03T11:15:43","modified_gmt":"2025-11-03T10:15:43","slug":"contact","status":"publish","type":"page","link":"https:\/\/www.giraud.louisst.o2switch.site\/blog\/contact\/","title":{"rendered":"Contact\ud83d\udcde"},"content":{"rendered":"\n<div class=\"wp-block-uagb-forms uagb-forms__outer-wrap uagb-block-8e7e7f3e uagb-forms__medium-btn\"><form class=\"uagb-forms-main-form\" method=\"post\" autocomplete=\"on\" name=\"uagb-form-8e7e7f3e\">\n<div class=\"wp-block-uagb-forms-name uagb-forms-name-wrap uagb-forms-field-set uagb-block-b6c74faa\"><div class=\"uagb-forms-name-label required uagb-forms-input-label\" id=\"b6c74faa\">Nom<\/div><input type=\"text\" placeholder=\"John Doe\" required class=\"uagb-forms-name-input uagb-forms-input\" name=\"b6c74faa\" autocomplete=\"name\"\/><\/div>\n\n\n\n<div class=\"wp-block-uagb-forms-name uagb-forms-name-wrap uagb-forms-field-set uagb-block-3447d0dc\"><div class=\"uagb-forms-name-label required uagb-forms-input-label\" id=\"3447d0dc\">Pr\u00e9nom<\/div><input type=\"text\" placeholder=\"John Doe\" required class=\"uagb-forms-name-input uagb-forms-input\" name=\"3447d0dc\" autocomplete=\"name\"\/><\/div>\n\n\n\n<div class=\"wp-block-uagb-forms-name uagb-forms-name-wrap uagb-forms-field-set uagb-block-e23dc7a9\"><div class=\"uagb-forms-name-label required uagb-forms-input-label\" id=\"e23dc7a9\">Adresse mail <\/div><input type=\"text\" placeholder=\"John Doe\" required class=\"uagb-forms-name-input uagb-forms-input\" name=\"e23dc7a9\" autocomplete=\"name\"\/><\/div>\n\n\n\n<div class=\"wp-block-uagb-forms-radio uagb-forms-radio-wrap uagb-forms-field-set uagb-block-eb7d6e5c\"><div class=\"uagb-forms-radio-label required uagb-forms-input-label\" id=\"eb7d6e5c\">\u00cates vous un \u00e9tudiant?<\/div><input type=\"radio\" id=\"radio-oui-eb7d6e5c\" name=\"eb7d6e5c\" value=\"Oui\" required class=\"round\"\/><label for=\"radio-oui-eb7d6e5c\">Oui<\/label><br\/><input type=\"radio\" id=\"radio-non-eb7d6e5c\" name=\"eb7d6e5c\" value=\"Non\" required class=\"round\"\/><label for=\"radio-non-eb7d6e5c\">Non<\/label><br\/><\/div>\n\n\n\n<div class=\"wp-block-uagb-forms-name uagb-forms-name-wrap uagb-forms-field-set uagb-block-aac26a60\"><div class=\"uagb-forms-name-label required uagb-forms-input-label\" id=\"aac26a60\">Quel est l&rsquo;object de votre contact ?<\/div><input type=\"text\" placeholder=\"Enter your subject\" required class=\"uagb-forms-name-input uagb-forms-input\" name=\"aac26a60\" autocomplete=\"off\"\/><\/div>\n\n\n\n<div class=\"wp-block-uagb-forms-email uagb-forms-email-wrap uagb-forms-field-set uagb-block-79eccc1b\"><div class=\"uagb-forms-email-label  uagb-forms-input-label\" id=\"79eccc1b\">\u00c2ge<\/div><input type=\"email\" class=\"uagb-forms-email-input uagb-forms-input\" placeholder=\"example@mail.com\" name=\"79eccc1b\" autocomplete=\"email\"\/><\/div>\n\n\n\n<div class=\"wp-block-uagb-forms-textarea uagb-forms-textarea-wrap uagb-forms-field-set uagb-block-97f1fcc0\"><div class=\"uagb-forms-textarea-label required uagb-forms-input-label\" id=\"97f1fcc0\">Commentaire<\/div><textarea required class=\"uagb-forms-textarea-input uagb-forms-input\" rows=\"4\" placeholder=\"Enter your message\" name=\"97f1fcc0\" autocomplete=\"off\"><\/textarea><\/div>\n<div class=\"uagb-forms-form-hidden-data\"><input type=\"hidden\" class=\"uagb_forms_form_label\" value=\"Spectra Form\"\/><input type=\"hidden\" class=\"uagb_forms_form_id\" value=\"uagb-form-8e7e7f3e\"\/><\/div><div class=\"uagb-form-reacaptcha-error-8e7e7f3e\"><\/div><div class=\"uagb-forms-main-submit-button-wrap wp-block-button\"><button class=\"uagb-forms-main-submit-button wp-block-button__link\"><div class=\"uagb-forms-main-submit-button-text\">Envoy\u00e9 <\/div><\/button><\/div><\/form><div class=\"uagb-forms-success-message-8e7e7f3e uagb-forms-submit-message-hide\"><span>The form has been submitted successfully!<\/span><\/div><div class=\"uagb-forms-failed-message-8e7e7f3e uagb-forms-submit-message-hide\"><span>There has been some error while submitting the form. Please verify all form fields again.<\/span><\/div><\/div>\n\n\n\n<p><br><\/p>\n\n\n\n<p>N&rsquo;h\u00e9site pas \u00e0 me contact\u00e9 je vous r\u00e9pondrai tr\u00e8s rapidement !\ud83d\ude0a<\/p>\n","protected":false},"excerpt":{"rendered":"<p>N&rsquo;h\u00e9site pas \u00e0 me contact\u00e9 je vous r\u00e9pondrai tr\u00e8s rapidement !\ud83d\ude0a<\/p>\n","protected":false},"author":1,"featured_media":0,"parent":0,"menu_order":0,"comment_status":"closed","ping_status":"closed","template":"","meta":{"_uag_custom_page_level_css":"","site-sidebar-layout":"no-sidebar","site-content-layout":"plain-container","ast-site-content-layout":"default","site-content-style":"default","site-sidebar-style":"default","ast-global-header-display":"","ast-banner-title-visibility":"","ast-main-header-display":"","ast-hfb-above-header-display":"","ast-hfb-below-header-display":"","ast-hfb-mobile-header-display":"","site-post-title":"","ast-breadcrumbs-content":"","ast-featured-img":"","footer-sml-layout":"","theme-transparent-header-meta":"disabled","adv-header-id-meta":"","stick-header-meta":"","header-above-stick-meta":"","header-main-stick-meta":"","header-below-stick-meta":"","astra-migrate-meta-layouts":"default","ast-page-background-enabled":"default","ast-page-background-meta":{"desktop":{"background-color":"var(--ast-global-color-5)","background-image":"","background-repeat":"repeat","background-position":"center center","background-size":"auto","background-attachment":"scroll","background-type":"","background-media":"","overlay-type":"","overlay-color":"","overlay-opacity":"","overlay-gradient":""},"tablet":{"background-color":"","background-image":"","background-repeat":"repeat","background-position":"center center","background-size":"auto","background-attachment":"scroll","background-type":"","background-media":"","overlay-type":"","overlay-color":"","overlay-opacity":"","overlay-gradient":""},"mobile":{"background-color":"","background-image":"","background-repeat":"repeat","background-position":"center center","background-size":"auto","background-attachment":"scroll","background-type":"","background-media":"","overlay-type":"","overlay-color":"","overlay-opacity":"","overlay-gradient":""}},"ast-content-background-meta":{"desktop":{"background-color":"var(--ast-global-color-4)","background-image":"","background-repeat":"repeat","background-position":"center center","background-size":"auto","background-attachment":"scroll","background-type":"","background-media":"","overlay-type":"","overlay-color":"","overlay-opacity":"","overlay-gradient":""},"tablet":{"background-color":"var(--ast-global-color-4)","background-image":"","background-repeat":"repeat","background-position":"center center","background-size":"auto","background-attachment":"scroll","background-type":"","background-media":"","overlay-type":"","overlay-color":"","overlay-opacity":"","overlay-gradient":""},"mobile":{"background-color":"var(--ast-global-color-4)","background-image":"","background-repeat":"repeat","background-position":"center center","background-size":"auto","background-attachment":"scroll","background-type":"","background-media":"","overlay-type":"","overlay-color":"","overlay-opacity":"","overlay-gradient":""}},"footnotes":""},"class_list":["post-36","page","type-page","status-publish","hentry"],"uagb_featured_image_src":{"full":false,"thumbnail":false,"medium":false,"medium_large":false,"large":false,"1536x1536":false,"2048x2048":false},"uagb_author_info":{"display_name":"admin","author_link":"https:\/\/www.giraud.louisst.o2switch.site\/blog\/author\/admin\/"},"uagb_comment_info":0,"uagb_excerpt":"N&rsquo;h\u00e9site pas \u00e0 me contact\u00e9 je vous r\u00e9pondrai tr\u00e8s rapidement !\ud83d\ude0a","_links":{"self":[{"href":"https:\/\/www.giraud.louisst.o2switch.site\/blog\/wp-json\/wp\/v2\/pages\/36","targetHints":{"allow":["GET"]}}],"collection":[{"href":"https:\/\/www.giraud.louisst.o2switch.site\/blog\/wp-json\/wp\/v2\/pages"}],"about":[{"href":"https:\/\/www.giraud.louisst.o2switch.site\/blog\/wp-json\/wp\/v2\/types\/page"}],"author":[{"embeddable":true,"href":"https:\/\/www.giraud.louisst.o2switch.site\/blog\/wp-json\/wp\/v2\/users\/1"}],"replies":[{"embeddable":true,"href":"https:\/\/www.giraud.louisst.o2switch.site\/blog\/wp-json\/wp\/v2\/comments?post=36"}],"version-history":[{"count":6,"href":"https:\/\/www.giraud.louisst.o2switch.site\/blog\/wp-json\/wp\/v2\/pages\/36\/revisions"}],"predecessor-version":[{"id":195,"href":"https:\/\/www.giraud.louisst.o2switch.site\/blog\/wp-json\/wp\/v2\/pages\/36\/revisions\/195"}],"wp:attachment":[{"href":"https:\/\/www.giraud.louisst.o2switch.site\/blog\/wp-json\/wp\/v2\/media?parent=36"}],"curies":[{"name":"wp","href":"https:\/\/api.w.org\/{rel}","templated":true}]}}